{"id":18,"date":"2024-05-23T15:55:28","date_gmt":"2024-05-23T13:55:28","guid":{"rendered":"https:\/\/spaemann.de\/?page_id=18"},"modified":"2024-05-31T23:56:14","modified_gmt":"2024-05-31T21:56:14","slug":"startseite","status":"publish","type":"page","link":"https:\/\/spaemann.de\/","title":{"rendered":"Seelische Gesundheit"},"content":{"rendered":"\n<h2 class=\"wp-block-heading\">Seelische Gesundheit<\/h2>\n\n\n\n<p>So wichtig es ist, psychische Erkrankungen zu definieren, zu erkennen und auf wissenschaftlicher Grundlage zu behandeln, so wichtig ist es, sowohl f\u00fcr den Arzt, als auch f\u00fcr den Patienten, das Gesunde zu erkennen und vorhandene Ressourcen zu f\u00f6rdern.<\/p>\n\n\n\n<p>Dies kommt in dem Begriff&nbsp;<em>Seelische Gesundheit&nbsp;<\/em>zum Ausdruck, der heute weltweit unter dem Titel&nbsp;<em>mental health<\/em>&nbsp;f\u00fcr psychiatrische und psychotherapeutische Einrichtungen verwendet wird.<\/p>\n\n\n\n<p><strong>Praxis f\u00fcr seelische Gesundheit<\/strong><\/p>\n\n\n\n<p>In der Praxis f\u00fcr Seelische Gesundheit biete ich Diagnostik und Behandlung aller wesentlichen St\u00f6rungsbilder der Psychiatrie an.<\/p>\n\n\n\n<p>Dabei ist mir die Zusammenarbeit mit Haus\u00e4rzten, psychosozialen Einrichtungen und die Einbeziehung des sozialen Umfelds, insbesondere der Angeh\u00f6rigen ein besonderes Anliegen.<\/p>\n\n\n\n<p>Neben der keineswegs immer notwendigen Gabe von Medikamenten kommen bei mir stets psychotherapeutische Elemente in der Behandlung psychischer St\u00f6rungen zur Anwendung.<\/p>\n\n\n\n<p>Bei entsprechender Indikationsstellung f\u00fchre ich auch psychotherapeutische Einzelbehandlungen auf verhaltenstherapeutischer Grundlage durch.<\/p>\n\n\n\n<p><br><br>Hauptstra\u00dfe 5, A-5231 Schalchen bei Mattighofen<\/p>\n\n\n\n<p><\/p>\n","protected":false},"excerpt":{"rendered":"<p>Seelische Gesundheit So wichtig es ist, psychische Erkrankungen zu definieren, zu erkennen und auf wissenschaftlicher Grundlage zu behandeln, so wichtig ist es, sowohl f\u00fcr den Arzt, als auch f\u00fcr den Patienten, das Gesunde zu erkennen und vorhandene Ressourcen zu f\u00f6rdern. Dies kommt in dem Begriff&nbsp;Seelische Gesundheit&nbsp;zum Ausdruck, der heute weltweit unter dem Titel&nbsp;mental health&nbsp;f\u00fcr psychiatrische &#8230; <a title=\"Seelische Gesundheit\" class=\"read-more\" href=\"https:\/\/spaemann.de\/\" aria-label=\"Read more about Seelische Gesundheit\">Read more<\/a><\/p>\n","protected":false},"author":1,"featured_media":0,"parent":0,"menu_order":0,"comment_status":"closed","ping_status":"closed","template":"","meta":{"_monsterinsights_skip_tracking":false,"_monsterinsights_sitenote_active":false,"_monsterinsights_sitenote_note":"","_monsterinsights_sitenote_category":0,"footnotes":""},"class_list":["post-18","page","type-page","status-publish"],"aioseo_notices":[],"_links":{"self":[{"href":"https:\/\/spaemann.de\/index.php?rest_route=\/wp\/v2\/pages\/18","targetHints":{"allow":["GET"]}}],"collection":[{"href":"https:\/\/spaemann.de\/index.php?rest_route=\/wp\/v2\/pages"}],"about":[{"href":"https:\/\/spaemann.de\/index.php?rest_route=\/wp\/v2\/types\/page"}],"author":[{"embeddable":true,"href":"https:\/\/spaemann.de\/index.php?rest_route=\/wp\/v2\/users\/1"}],"replies":[{"embeddable":true,"href":"https:\/\/spaemann.de\/index.php?rest_route=%2Fwp%2Fv2%2Fcomments&post=18"}],"version-history":[{"count":12,"href":"https:\/\/spaemann.de\/index.php?rest_route=\/wp\/v2\/pages\/18\/revisions"}],"predecessor-version":[{"id":76,"href":"https:\/\/spaemann.de\/index.php?rest_route=\/wp\/v2\/pages\/18\/revisions\/76"}],"wp:attachment":[{"href":"https:\/\/spaemann.de\/index.php?rest_route=%2Fwp%2Fv2%2Fmedia&parent=18"}],"curies":[{"name":"wp","href":"https:\/\/api.w.org\/{rel}","templated":true}]}}