{"id":42,"date":"2024-05-24T13:28:02","date_gmt":"2024-05-24T11:28:02","guid":{"rendered":"https:\/\/spaemann.de\/?page_id=42"},"modified":"2024-05-24T13:36:59","modified_gmt":"2024-05-24T11:36:59","slug":"zur-person","status":"publish","type":"page","link":"https:\/\/spaemann.de\/?page_id=42","title":{"rendered":"zur Person"},"content":{"rendered":"\n<p>Dr.med. Mag. phil. Christian Spaemann<\/p>\n\n\n\n<p><\/p>\n\n\n\n<figure id=\"contenttable\" class=\"wp-block-table contenttable is-style-stripes\"><table><tbody><tr><td>geb. 1957&nbsp;<\/td><td>in M\u00fcnster\/Westfalen<\/td><\/tr><tr><td>1976<\/td><td>Matura Salzburg<\/td><\/tr><tr><td>1976 &#8211; 1986<\/td><td>Studium der Medizin, Geschichte und Philosophie,<br>Universit\u00e4ten Innsbruck und Wien<\/td><\/tr><tr><td>Februar 1986<\/td><td>Promotion, Universit\u00e4t Wien<\/td><\/tr><tr><td>1986 &#8211; 1987<\/td><td>Medizinalassistent, Universit\u00e4tsklinik T\u00fcbingen<\/td><\/tr><tr><td>1987 &#8211; 1990<\/td><td>Magisterstudium der Philosophie, Universit\u00e4t T\u00fcbingen<\/td><\/tr><tr><td>September 1990<\/td><td>Magister Artium, Universit\u00e4t T\u00fcbingen<\/td><\/tr><tr><td>1990 &#8211; 1995&nbsp;<\/td><td>Assistenzarzt, Psychiatrische Klinik, Klinikum rechts der Isar,<br>Technische &nbsp;Universit\u00e4t M\u00fcnchen<\/td><\/tr><tr><td>1995 &#8211; 1996&nbsp;<\/td><td>Assistenzarzt, Neurologische Klinik, Klinikum rechts der Isar,<br>Technische Universit\u00e4t M\u00fcnchen<\/td><\/tr><tr><td>1996 &#8211; 1997&nbsp;<\/td><td>Liaisondienst, Toxikologischen Abteilung II. Medizinischen Klinik,<br>Klinikum rechts der Isar, Technische Universit\u00e4t M\u00fcnchen<\/td><\/tr><tr><td>1997<\/td><td>Facharzt f\u00fcr Psychiatrie und Psychotherapie,<br>Schwerpunkt Verhaltenstherapie<\/td><\/tr><tr><td>1997 &#8211; 1998&nbsp;&nbsp;&nbsp;<\/td><td>Facharzt Psychosomatischen Klinik Windach am Ammersee<\/td><\/tr><tr><td>1998 &#8211; 1999&nbsp;&nbsp;&nbsp;<\/td><td>Oberarzt Psychosomatischen Fachklinik Bad D\u00fcrkheim \/Pfalz<\/td><\/tr><tr><td>1999 &#8211; 2003&nbsp;<\/td><td>Bereichsleiter der Allgemeinpsychiatrie, Bezirkskrankenhaus<br>Kaufbeuren\/Bayern<\/td><\/tr><tr><td>2003-2011&nbsp;&nbsp;<\/td><td>Leiter der Klinik f\u00fcr Psychische Gesundheit, Fachabteilung f\u00fcr<br>Psychiatrie und Psychotherapie, A.\u00f6. Krankenhaus St. Josef Braunau<\/td><\/tr><tr><td>seit Mai 2011<\/td><td>Niederlassung in freier Praxis, Schalchen bei Mattighofen<\/td><\/tr><\/tbody><\/table><\/figure>\n","protected":false},"excerpt":{"rendered":"<p>Dr.med. Mag. phil. Christian Spaemann geb. 1957&nbsp; in M\u00fcnster\/Westfalen 1976 Matura Salzburg 1976 &#8211; 1986 Studium der Medizin, Geschichte und Philosophie,Universit\u00e4ten Innsbruck und Wien Februar 1986 Promotion, Universit\u00e4t Wien 1986 &#8211; 1987 Medizinalassistent, Universit\u00e4tsklinik T\u00fcbingen 1987 &#8211; 1990 Magisterstudium der Philosophie, Universit\u00e4t T\u00fcbingen September 1990 Magister Artium, Universit\u00e4t T\u00fcbingen 1990 &#8211; 1995&nbsp; Assistenzarzt, Psychiatrische Klinik, &#8230; <a title=\"zur Person\" class=\"read-more\" href=\"https:\/\/spaemann.de\/?page_id=42\" aria-label=\"Read more about zur Person\">Read more<\/a><\/p>\n","protected":false},"author":1,"featured_media":0,"parent":0,"menu_order":1,"comment_status":"closed","ping_status":"closed","template":"","meta":{"_monsterinsights_skip_tracking":false,"_monsterinsights_sitenote_active":false,"_monsterinsights_sitenote_note":"","_monsterinsights_sitenote_category":0,"footnotes":""},"class_list":["post-42","page","type-page","status-publish"],"aioseo_notices":[],"_links":{"self":[{"href":"https:\/\/spaemann.de\/index.php?rest_route=\/wp\/v2\/pages\/42","targetHints":{"allow":["GET"]}}],"collection":[{"href":"https:\/\/spaemann.de\/index.php?rest_route=\/wp\/v2\/pages"}],"about":[{"href":"https:\/\/spaemann.de\/index.php?rest_route=\/wp\/v2\/types\/page"}],"author":[{"embeddable":true,"href":"https:\/\/spaemann.de\/index.php?rest_route=\/wp\/v2\/users\/1"}],"replies":[{"embeddable":true,"href":"https:\/\/spaemann.de\/index.php?rest_route=%2Fwp%2Fv2%2Fcomments&post=42"}],"version-history":[{"count":6,"href":"https:\/\/spaemann.de\/index.php?rest_route=\/wp\/v2\/pages\/42\/revisions"}],"predecessor-version":[{"id":51,"href":"https:\/\/spaemann.de\/index.php?rest_route=\/wp\/v2\/pages\/42\/revisions\/51"}],"wp:attachment":[{"href":"https:\/\/spaemann.de\/index.php?rest_route=%2Fwp%2Fv2%2Fmedia&parent=42"}],"curies":[{"name":"wp","href":"https:\/\/api.w.org\/{rel}","templated":true}]}}