{"id":52,"date":"2024-05-24T13:38:04","date_gmt":"2024-05-24T11:38:04","guid":{"rendered":"https:\/\/spaemann.de\/?page_id=52"},"modified":"2024-05-24T13:40:03","modified_gmt":"2024-05-24T11:40:03","slug":"behandlungsangebot","status":"publish","type":"page","link":"https:\/\/spaemann.de\/?page_id=52","title":{"rendered":"Behandlungsangebot"},"content":{"rendered":"\n<p><strong>Diagnostik s\u00e4mtlicher psychischer St\u00f6rungen<\/strong>&nbsp;in Zusammenarbeit mit den Haus\u00e4rzten, ggf. auch mit anderen Institutionen wie z. B. Neuropsychologen oder Krankenh\u00e4usern.<\/p>\n\n\n\n<p><strong>Erstellung eines umfassenden Behandlungskonzepts<\/strong>, das individuell Bausteine wie Beratung, Psychotherapie, Psychopharmakotherapie und psychosoziale Hilfen kombiniert.<\/p>\n\n\n\n<p><strong>Erl\u00e4uterung und Besprechung des Behandlungskonzepts mit dem Patienten.&nbsp;<\/strong>Festlegung welche Therapiebausteine von mir oder von Haus\u00e4rzten, niedergelassenen Psychotherapeuten oder psychosozialen Einrichtungen \u00fcbernommen werden.<\/p>\n\n\n\n<p><strong>Einbeziehung von Angeh\u00f6rigen<\/strong>, Freunden, ggf. Arbeitsumfeld in die Behandlung in Absprache mit dem Patienten.<\/p>\n\n\n\n<p>Meine&nbsp;<strong>Behandlung<\/strong>&nbsp;schlie\u00dft n<a><\/a>eben der, keineswegs immer notwendigen Gabe von&nbsp;<strong>Medikamenten<\/strong>&nbsp;stets&nbsp;<strong>psychotherapeutische Elemente<\/strong>&nbsp;mit ein.<\/p>\n\n\n\n<p>Bei entsprechender Indikationsstellung biete ich auch&nbsp;<strong>psychotherapeutische Einzelbehandlungen<\/strong>&nbsp;<strong>auf<\/strong>&nbsp;<strong>verhaltenstherapeutischer Grundlage<\/strong>&nbsp;an.<\/p>\n","protected":false},"excerpt":{"rendered":"<p>Diagnostik s\u00e4mtlicher psychischer St\u00f6rungen&nbsp;in Zusammenarbeit mit den Haus\u00e4rzten, ggf. auch mit anderen Institutionen wie z. B. Neuropsychologen oder Krankenh\u00e4usern. Erstellung eines umfassenden Behandlungskonzepts, das individuell Bausteine wie Beratung, Psychotherapie, Psychopharmakotherapie und psychosoziale Hilfen kombiniert. Erl\u00e4uterung und Besprechung des Behandlungskonzepts mit dem Patienten.&nbsp;Festlegung welche Therapiebausteine von mir oder von Haus\u00e4rzten, niedergelassenen Psychotherapeuten oder psychosozialen Einrichtungen \u00fcbernommen &#8230; <a title=\"Behandlungsangebot\" class=\"read-more\" href=\"https:\/\/spaemann.de\/?page_id=52\" aria-label=\"Read more about Behandlungsangebot\">Read more<\/a><\/p>\n","protected":false},"author":1,"featured_media":0,"parent":0,"menu_order":2,"comment_status":"closed","ping_status":"closed","template":"","meta":{"_monsterinsights_skip_tracking":false,"_monsterinsights_sitenote_active":false,"_monsterinsights_sitenote_note":"","_monsterinsights_sitenote_category":0,"footnotes":""},"class_list":["post-52","page","type-page","status-publish"],"aioseo_notices":[],"_links":{"self":[{"href":"https:\/\/spaemann.de\/index.php?rest_route=\/wp\/v2\/pages\/52","targetHints":{"allow":["GET"]}}],"collection":[{"href":"https:\/\/spaemann.de\/index.php?rest_route=\/wp\/v2\/pages"}],"about":[{"href":"https:\/\/spaemann.de\/index.php?rest_route=\/wp\/v2\/types\/page"}],"author":[{"embeddable":true,"href":"https:\/\/spaemann.de\/index.php?rest_route=\/wp\/v2\/users\/1"}],"replies":[{"embeddable":true,"href":"https:\/\/spaemann.de\/index.php?rest_route=%2Fwp%2Fv2%2Fcomments&post=52"}],"version-history":[{"count":2,"href":"https:\/\/spaemann.de\/index.php?rest_route=\/wp\/v2\/pages\/52\/revisions"}],"predecessor-version":[{"id":54,"href":"https:\/\/spaemann.de\/index.php?rest_route=\/wp\/v2\/pages\/52\/revisions\/54"}],"wp:attachment":[{"href":"https:\/\/spaemann.de\/index.php?rest_route=%2Fwp%2Fv2%2Fmedia&parent=52"}],"curies":[{"name":"wp","href":"https:\/\/api.w.org\/{rel}","templated":true}]}}