{"id":57,"date":"2024-05-24T13:43:01","date_gmt":"2024-05-24T11:43:01","guid":{"rendered":"https:\/\/spaemann.de\/?page_id=57"},"modified":"2024-05-24T13:43:15","modified_gmt":"2024-05-24T11:43:15","slug":"publikationen","status":"publish","type":"page","link":"https:\/\/spaemann.de\/?page_id=57","title":{"rendered":"Publikationen"},"content":{"rendered":"\n<p>Im Folgenden mache ich eine Auswahl meiner publizierten Texte zug\u00e4nglich:<\/p>\n\n\n\n<p><strong><a href=\"http:\/\/www.spaemann.com\/fileadmin\/templates\/christian\/pdf\/Christian_Spaemann_-_Sexualpaedagogik_der_Vielfalt_-_Kopie.compressed.pdf\">Hintergrund und gesellschaftliche Auswirkungen einer schulischen &#8220;Sexualp\u00e4dagogik der Vielfalt&#8221;<\/a><\/strong><\/p>\n\n\n\n<p>In: Arnd Uhle (Hg.), Sexuelle Vielfalt &#8211; Gegenstand staatlicher Erziehung? Grund und Grenzen der Sexualp\u00e4dagogik in der staatlichen Schule, Wissenschaftliche Abhandlungen und Reden zur Philosophie, Poliktik und Geistesgeschichte, Bd. 83, Duncker &amp; Humbolt, Berlin 2016, 41 &#8211; 77<\/p>\n\n\n\n<p><a href=\"http:\/\/www.spaemann.com\/fileadmin\/templates\/christian\/pdf\/Spaemann_Ggwbehandeln.pdf\" target=\"_blank\" rel=\"noreferrer noopener\"><strong>Den Patienten als Ganzes ernst nehmen. Wege zu einem sensiblen Umgang mit Religion und Glaube im Gesundheitswesen<\/strong><\/a><\/p>\n\n\n\n<p>In: Simone Ehm et al. (Hg.), Geistesgegenw\u00e4rtig behandeln. Existentielle Kommunikation, Spiritualit\u00e4t und Selbstsorge in der \u00e4rztlichen Praxis, Neukirchner Theologie, Neukirchen-Vluyn 2016, 71-86.<\/p>\n\n\n\n<p><a href=\"http:\/\/www.spaemann.com\/fileadmin\/templates\/christian\/pdf\/Patientenautonomie_und_unertraegliches_Leid.pdf\" target=\"_blank\" rel=\"noreferrer noopener\"><strong>Patientenautonomie und unertr\u00e4gliches Leid, Sterbehilfe auf t\u00f6nernen F\u00fc\u00dfen<\/strong><\/a><\/p>\n\n\n\n<p>In: Thomas S\u00f6ren Hoffmann u. Marcus Knaup, Was hei\u00dft: in W\u00fcrde sterben? Wider die Normalisierung des T\u00f6tens, Springer VS, Wiesbaden 2015, 171-186<\/p>\n\n\n\n<p><a href=\"http:\/\/www.spaemann.com\/fileadmin\/templates\/christian\/pdf\/Christian_Spaemann_Was_muss_gegeben_sein_Ethik_der_Gabe.pdf\" target=\"_blank\" rel=\"noreferrer noopener\"><strong>Was muss gegeben sein damit wir geben k\u00f6nnen? \u00dcberlegungen zur Anthropologie der Gabe<\/strong><\/a><\/p>\n\n\n\n<p>In: Giovanni Maio (Hg.), Ethik der Gabe, Humane Medizin zwischen Leistungserbringung und Sorge um den Anderen, Herder, Freiburg im Breisgau 2014, 159-189.<\/p>\n\n\n\n<p><a href=\"http:\/\/www.spaemann.com\/fileadmin\/templates\/christian\/pdf\/Spaemann_Psychotherapie_und_menschliches_Selbstverstaendnis.pdf\" target=\"_blank\" rel=\"noreferrer noopener\"><strong>Psychotherapie und menschliches Selbstverst\u00e4ndnis<\/strong><\/a><\/p>\n\n\n\n<p>In: Erwin M\u00f6de (Hg.), Christliche Spiritualit\u00e4t und Psychotherapie, Bleibende und neue Wege der Konvergenz, Eichst\u00e4tter Studien Neue Folge 68, Friedrich Pustet, Regensburg 2013, 13-27.<br><\/p>\n\n\n\n<p><strong><a href=\"http:\/\/www.spaemann.com\/fileadmin\/templates\/christian\/pdf\/Der_Patient_zwischen_Subjektivitaet_und_Transzendenz.pdf\" target=\"_blank\" rel=\"noreferrer noopener\">Der Patient zwischen Subjektivit\u00e4t und Transzendenz, Psychotherapie im Dienste eines gelungenen Lebens<\/a><\/strong><\/p>\n\n\n\n<p>Psychotherapie 11. Jahrg. 2006, Bd. 11, Heft 2, 258 &#8211; 264<\/p>\n\n\n\n<p><strong><a href=\"http:\/\/www.spaemann.com\/fileadmin\/templates\/christian\/pdf\/Die%20Rolle%20der%20psychiatrischen%20Fachabteilung%20WMW.pdf\" target=\"_blank\" rel=\"noreferrer noopener\">Die Rolle der psychiatrischen Fachabteilung am Allgemeinkrankenhaus in der gemeinde-<\/a><\/strong><\/p>\n\n\n\n<p><strong><a href=\"http:\/\/www.spaemann.com\/fileadmin\/templates\/christian\/pdf\/Die%20Rolle%20der%20psychiatrischen%20Fachabteilung%20WMW.pdf\" target=\"_blank\" rel=\"noreferrer noopener\">psychiatrischen Versorgung<\/a><\/strong><\/p>\n\n\n\n<p>Wiener Medizinische Wochenschrift (2006) 156\/03\u201304: 1\u20136<\/p>\n\n\n\n<p><strong><a href=\"http:\/\/www.spaemann.com\/fileadmin\/templates\/christian\/pdf\/Text%20original.pdf\">Kommunikation und Flexibilit\u00e4t als Paradigmen in der Arbeitswelt und Psychosomatische Rehabilitation<\/a><\/strong><\/p>\n\n\n\n<p>Praxis \u2013 Klinische Verhaltensmedizin und Rehabilitation, 2000, 50, 54 -59<\/p>\n\n\n\n<p><strong><a href=\"http:\/\/www.kath-info.de\/psychotherapie.html\" target=\"_blank\" rel=\"noreferrer noopener\">Die gegenw\u00e4rtige Psychotherapieszene und die Frage nach dem Sinn<\/a><\/strong><\/p>\n\n\n\n<p>Vortrag, gehalten vor der katholischen \u00c4rztearbeit Deutschland am 30.1.1999 in Maria Laach, ver\u00f6ffentlicht im Internet:&nbsp;<em>Das Portal zur katholischen Geisteswelt<\/em>, Link:&nbsp;<a href=\"http:\/\/www.kath-info.de\/psychotherapie.html\" target=\"_blank\" rel=\"noreferrer noopener\">www.kath-info.de\/psychotherapie.html<\/a><\/p>\n\n\n\n<p><strong><a href=\"http:\/\/www.spaemann.com\/fileadmin\/templates\/christian\/pdf\/Lebensqualitaet%20und%20Schicksal.pdf\" target=\"_blank\" rel=\"noreferrer noopener\">Lebensqualit\u00e4t und Schicksal<\/a><\/strong><\/p>\n\n\n\n<p>Wiener Medizinische Wochenschrift, 1992, Heft 23\/24, JG 124, 533 &#8211; 536<\/p>\n","protected":false},"excerpt":{"rendered":"<p>Im Folgenden mache ich eine Auswahl meiner publizierten Texte zug\u00e4nglich: Hintergrund und gesellschaftliche Auswirkungen einer schulischen &#8220;Sexualp\u00e4dagogik der Vielfalt&#8221; In: Arnd Uhle (Hg.), Sexuelle Vielfalt &#8211; Gegenstand staatlicher Erziehung? Grund und Grenzen der Sexualp\u00e4dagogik in der staatlichen Schule, Wissenschaftliche Abhandlungen und Reden zur Philosophie, Poliktik und Geistesgeschichte, Bd. 83, Duncker &amp; Humbolt, Berlin 2016, 41 &#8230; <a title=\"Publikationen\" class=\"read-more\" href=\"https:\/\/spaemann.de\/?page_id=57\" aria-label=\"Read more about Publikationen\">Read more<\/a><\/p>\n","protected":false},"author":1,"featured_media":0,"parent":0,"menu_order":4,"comment_status":"closed","ping_status":"closed","template":"","meta":{"_monsterinsights_skip_tracking":false,"_monsterinsights_sitenote_active":false,"_monsterinsights_sitenote_note":"","_monsterinsights_sitenote_category":0,"footnotes":""},"class_list":["post-57","page","type-page","status-publish"],"aioseo_notices":[],"_links":{"self":[{"href":"https:\/\/spaemann.de\/index.php?rest_route=\/wp\/v2\/pages\/57","targetHints":{"allow":["GET"]}}],"collection":[{"href":"https:\/\/spaemann.de\/index.php?rest_route=\/wp\/v2\/pages"}],"about":[{"href":"https:\/\/spaemann.de\/index.php?rest_route=\/wp\/v2\/types\/page"}],"author":[{"embeddable":true,"href":"https:\/\/spaemann.de\/index.php?rest_route=\/wp\/v2\/users\/1"}],"replies":[{"embeddable":true,"href":"https:\/\/spaemann.de\/index.php?rest_route=%2Fwp%2Fv2%2Fcomments&post=57"}],"version-history":[{"count":1,"href":"https:\/\/spaemann.de\/index.php?rest_route=\/wp\/v2\/pages\/57\/revisions"}],"predecessor-version":[{"id":58,"href":"https:\/\/spaemann.de\/index.php?rest_route=\/wp\/v2\/pages\/57\/revisions\/58"}],"wp:attachment":[{"href":"https:\/\/spaemann.de\/index.php?rest_route=%2Fwp%2Fv2%2Fmedia&parent=57"}],"curies":[{"name":"wp","href":"https:\/\/api.w.org\/{rel}","templated":true}]}}