{"id":59,"date":"2024-05-24T13:44:52","date_gmt":"2024-05-24T11:44:52","guid":{"rendered":"https:\/\/spaemann.de\/?page_id=59"},"modified":"2024-05-24T13:45:05","modified_gmt":"2024-05-24T11:45:05","slug":"links","status":"publish","type":"page","link":"https:\/\/spaemann.de\/?page_id=59","title":{"rendered":"Links"},"content":{"rendered":"\n<p><strong>Zugang zu interessanten Links rund um das Thema Psychiatrie und Psychotherapie<\/strong><\/p>\n\n\n\n<p><strong><br>Allgemeines \/ \u00dcbersicht:<\/strong><br><a href=\"http:\/\/pmooe.at\/\" target=\"_blank\" rel=\"noreferrer noopener\">Pro mente Ober\u00f6sterreich<\/a><br><a href=\"http:\/\/www.psychiatrie.de\/\" target=\"_blank\" rel=\"noreferrer noopener\">Psychiatrienetz &#8211; Aktion psychisch Kranke<\/a><br><a href=\"http:\/\/www.medicine-worldwide.de\/krankheiten\/psychische_krankheiten\/index.html\" target=\"_blank\" rel=\"noreferrer noopener\">Gesundheitsportal Onmeda<\/a><br><a href=\"http:\/\/www.psychosoziale-gesundheit.net\/\" target=\"_blank\" rel=\"noreferrer noopener\">Psychosoziale Gesundheit.net<\/a><br><\/p>\n\n\n\n<p><strong>Depressionen \/ Manisch depressive Erkrankungen:<\/strong><br><a href=\"http:\/\/www.kompetenznetz-depression.de\/\" target=\"_blank\" rel=\"noreferrer noopener\">Stiftung Deutsche Depressionshilfe<\/a><br><\/p>\n\n\n\n<p><strong>Psychosen \/ Schizophrenien:<\/strong><br><a href=\"http:\/\/www.medizinfo.de\/kopfundseele\/psychose\/start.htm\" target=\"_blank\" rel=\"noreferrer noopener\">Medizininfo<\/a><\/p>\n\n\n\n<p><strong>Angstst\u00f6rungen:<\/strong><\/p>\n\n\n\n<p><strong>Zwangsst\u00f6rungen:<\/strong><br><a href=\"http:\/\/www.zwaenge.de\/\" target=\"_blank\" rel=\"noreferrer noopener\">Deutsche Gesellschaft f\u00fcr Zwangserkrankungen<\/a><br><a href=\"http:\/\/www.zwaenge.at\/\" target=\"_blank\" rel=\"noreferrer noopener\">\u00d6sterreichisches Portal zum Thema Zwangskrankheit&nbsp;<\/a><br><a href=\"http:\/\/www.zwangserkrankungen.de\/\" target=\"_blank\" rel=\"noreferrer noopener\">Zwangserkrankungen.de<\/a><br><a href=\"http:\/\/www.medicine-worldwide.de\/krankheiten\/psychische_krankheiten\/zwangsstoerungen.html\" target=\"_blank\" rel=\"noreferrer noopener\">Gesundheitsportal Onmeda<\/a><\/p>\n\n\n\n<p><strong>Tourette Syndrom:<\/strong><br><a href=\"http:\/\/www.tourette.de\/\" target=\"_blank\" rel=\"noreferrer noopener\">Tourette Syndrom Homepage Deutschland<\/a><br><\/p>\n\n\n\n<p><strong>Essst\u00f6rungen:<\/strong><br><a href=\"http:\/\/www.magersucht-online.de\/\" target=\"_blank\" rel=\"noreferrer noopener\">Magersucht-Online<\/a><br><a href=\"http:\/\/www.magersucht.de\/\" target=\"_blank\" rel=\"noreferrer noopener\">Selbsthilfe bei Essst\u00f6rungen<\/a><br><\/p>\n\n\n\n<p><strong>Schlafst\u00f6rungen:<\/strong><br><a href=\"http:\/\/www.medizinfo.de\/kopfundseele\/schlafen\/schlaf.htm\" target=\"_blank\" rel=\"noreferrer noopener\">MedizInfo<\/a><br><a href=\"http:\/\/www.schlafgestoert.de\/\" target=\"_blank\" rel=\"noreferrer noopener\">Schlafgest\u00f6rt &#8211; Informationen&nbsp;<\/a><br><\/p>\n\n\n\n<p><strong>Demenzen:<\/strong><br><a href=\"http:\/\/www.demenzinfo.de\/\" target=\"_blank\" rel=\"noreferrer noopener\">Alzheimerinfo<\/a><br><\/p>\n\n\n\n<p><strong>Psychotherapeutische Verfahren \/ Psychotherapeutische Fachgesellschaften:<\/strong><br><a href=\"http:\/\/www.psychotherapie.at\/\" target=\"_blank\" rel=\"noreferrer noopener\">\u00d6sterreichischer Bundesverband f\u00fcr Psychotherapie<\/a><br>\u00d6sterreichische Gesellschaft f\u00fcr Verhaltenstherapie<br><a href=\"http:\/\/www.praxis-info.ch\/gespraechspsycho.htm\" target=\"_blank\" rel=\"noreferrer noopener\">Gespr\u00e4chspsychotherapie<\/a><br><a href=\"http:\/\/www.existenzanalyse.org\/\" target=\"_blank\" rel=\"noreferrer noopener\">Gesellschaft f\u00fcr Logotherapie und Existenzanalyse<\/a><br><a href=\"http:\/\/www.psychoanalyse.at\/\" target=\"_blank\" rel=\"noreferrer noopener\">Psychoanalytisches Seminar Vorarlberg<\/a><br><a href=\"http:\/\/www.wpv.at\/\" target=\"_blank\" rel=\"noreferrer noopener\">Wiener Psychoanalytische Vereinigung<\/a><br><a href=\"http:\/\/www.gestaltungstherapie.at\/\" target=\"_blank\" rel=\"noreferrer noopener\">http:\/\/www.gestaltungstherapie.at\/<\/a><br>&nbsp;<\/p>\n\n\n\n<p><strong>Angeh\u00f6rige:<\/strong><br><a href=\"http:\/\/www.hpe.at\/\" target=\"_blank\" rel=\"noreferrer noopener\">Hilfe f\u00fcr Angeh\u00f6rige psychisch Erkrankter<\/a><br><\/p>\n\n\n\n<p><strong>Institutionen \/ Vereine \/ Fachgesellschaften:<\/strong><br><a href=\"http:\/\/www.oegpp.at\/html\/willk.htm\" target=\"_blank\" rel=\"noreferrer noopener\">\u00d6sterreichische Gesellschaft f\u00fcr Psychiatrie und Psychotherapie<\/a><br><a href=\"http:\/\/www.promenteaustria.at\/\" target=\"_blank\" rel=\"noreferrer noopener\">Pro mente Austria<\/a><br><a href=\"http:\/\/pmooe.at\/\" target=\"_blank\" rel=\"noreferrer noopener\">Pro mente Ober\u00f6sterreich<\/a><br><a href=\"http:\/\/www.vsp.at\/\" target=\"_blank\" rel=\"noreferrer noopener\">VertretungsNetz<\/a><br><a href=\"http:\/\/www.gfts.de\/\" target=\"_blank\" rel=\"noreferrer noopener\">Gesellschaft zur F\u00f6rderung empirische begr\u00fcndeter Therpieans\u00e4tze bei schizophrenen Menschen<\/a><br><a href=\"http:\/\/www.zwaenge.de\/\" target=\"_blank\" rel=\"noreferrer noopener\">Deutsche Gesellschaft Zwangserkrankungen&nbsp;<\/a><br><a href=\"http:\/\/www.kompetenznetz-schizophrenie.de\/\" target=\"_blank\" rel=\"noreferrer noopener\">Kompetenznetz Schizophrenie&nbsp;<\/a><br><\/p>\n\n\n\n<p><strong>Nachbarkliniken:<\/strong><br><a href=\"http:\/\/www.psychiatrie-wels.at\/\" target=\"_blank\" rel=\"noreferrer noopener\">Klinikum Wels &#8211; Grieskirchen<\/a><br><a href=\"http:\/\/www.wagner-jauregg.at\/\" target=\"_blank\" rel=\"noreferrer noopener\">LNK Wagner Jauregg<\/a><br><a href=\"http:\/\/www.christian-doppler-klinik.at\/index.htm\" target=\"_blank\" rel=\"noreferrer noopener\">Christian-Doppler-Klinik Salzburg&nbsp;<\/a><br><a href=\"http:\/\/www.lkh-voecklabruck.at\/115.php\" target=\"_blank\" rel=\"noreferrer noopener\">Gespag<\/a><br><a href=\"http:\/\/www.mainkofen.de\/\" target=\"_blank\" rel=\"noreferrer noopener\">Bezirksklinikum Mainkofen<\/a><br><a href=\"http:\/\/www.gabersee.de\/startbkh2.htm\" target=\"_blank\" rel=\"noreferrer noopener\">Inn-Salzach-Klinikum<\/a><br><\/p>\n\n\n\n<p><strong>Gesetze:<br><\/strong><a href=\"http:\/\/www.jusline.at\/Unterbringungsgesetz_%28UbG%29.html\" target=\"_blank\" rel=\"noreferrer noopener\">Unterbringungsgesetz im Wortlaut<\/a><br><a href=\"http:\/\/www.drogensubstitution.at\/drogenpolitik\/gesetze-richtlinien.htm\" target=\"_blank\" rel=\"noreferrer noopener\">Drogensubstitution<br><\/a><\/p>\n\n\n\n<p><strong>\u00d6sterreichischer Psychiatriebericht 2004:<\/strong><br><a href=\"http:\/\/www.bmg.gv.at\/cms\/home\/attachments\/8\/5\/0\/CH1452\/CMS1038920009809\/oesterreichischer_psychiatriebericht_2004_katschnig_et_al.pdf\" target=\"_blank\" rel=\"noreferrer noopener\">Bundesministerium f\u00fcr Gesundheit<\/a><\/p>\n","protected":false},"excerpt":{"rendered":"<p>Zugang zu interessanten Links rund um das Thema Psychiatrie und Psychotherapie Allgemeines \/ \u00dcbersicht:Pro mente Ober\u00f6sterreichPsychiatrienetz &#8211; Aktion psychisch KrankeGesundheitsportal OnmedaPsychosoziale Gesundheit.net Depressionen \/ Manisch depressive Erkrankungen:Stiftung Deutsche Depressionshilfe Psychosen \/ Schizophrenien:Medizininfo Angstst\u00f6rungen: Zwangsst\u00f6rungen:Deutsche Gesellschaft f\u00fcr Zwangserkrankungen\u00d6sterreichisches Portal zum Thema Zwangskrankheit&nbsp;Zwangserkrankungen.deGesundheitsportal Onmeda Tourette Syndrom:Tourette Syndrom Homepage Deutschland Essst\u00f6rungen:Magersucht-OnlineSelbsthilfe bei Essst\u00f6rungen Schlafst\u00f6rungen:MedizInfoSchlafgest\u00f6rt &#8211; Informationen&nbsp; Demenzen:Alzheimerinfo Psychotherapeutische &#8230; <a title=\"Links\" class=\"read-more\" href=\"https:\/\/spaemann.de\/?page_id=59\" aria-label=\"Read more about Links\">Read more<\/a><\/p>\n","protected":false},"author":1,"featured_media":0,"parent":0,"menu_order":5,"comment_status":"closed","ping_status":"closed","template":"","meta":{"_monsterinsights_skip_tracking":false,"_monsterinsights_sitenote_active":false,"_monsterinsights_sitenote_note":"","_monsterinsights_sitenote_category":0,"footnotes":""},"class_list":["post-59","page","type-page","status-publish"],"aioseo_notices":[],"_links":{"self":[{"href":"https:\/\/spaemann.de\/index.php?rest_route=\/wp\/v2\/pages\/59","targetHints":{"allow":["GET"]}}],"collection":[{"href":"https:\/\/spaemann.de\/index.php?rest_route=\/wp\/v2\/pages"}],"about":[{"href":"https:\/\/spaemann.de\/index.php?rest_route=\/wp\/v2\/types\/page"}],"author":[{"embeddable":true,"href":"https:\/\/spaemann.de\/index.php?rest_route=\/wp\/v2\/users\/1"}],"replies":[{"embeddable":true,"href":"https:\/\/spaemann.de\/index.php?rest_route=%2Fwp%2Fv2%2Fcomments&post=59"}],"version-history":[{"count":1,"href":"https:\/\/spaemann.de\/index.php?rest_route=\/wp\/v2\/pages\/59\/revisions"}],"predecessor-version":[{"id":60,"href":"https:\/\/spaemann.de\/index.php?rest_route=\/wp\/v2\/pages\/59\/revisions\/60"}],"wp:attachment":[{"href":"https:\/\/spaemann.de\/index.php?rest_route=%2Fwp%2Fv2%2Fmedia&parent=59"}],"curies":[{"name":"wp","href":"https:\/\/api.w.org\/{rel}","templated":true}]}}